{"id":6,"date":"2024-02-20T21:41:43","date_gmt":"2024-02-20T20:41:43","guid":{"rendered":"https:\/\/monmomentdouceur.fr\/?page_id=6"},"modified":"2025-11-28T19:40:33","modified_gmt":"2025-11-28T18:40:33","slug":"mon-moment-douceur-bienvenue","status":"publish","type":"page","link":"https:\/\/monmomentdouceur.fr\/","title":{"rendered":"Accueil"},"content":{"rendered":"\t\t<div data-elementor-type=\"wp-page\" data-elementor-id=\"6\" class=\"elementor elementor-6\">\n\t\t\t\t<div class=\"elementor-element elementor-element-2310f60a e-flex e-con-boxed e-con e-parent\" data-id=\"2310f60a\" data-element_type=\"container\">\n\t\t\t\t\t<div class=\"e-con-inner\">\n\t\t\t\t<div class=\"elementor-element elementor-element-35be4310 elementor-widget elementor-widget-text-editor\" data-id=\"35be4310\" data-element_type=\"widget\" data-widget_type=\"text-editor.default\">\n\t\t\t\t<div class=\"elementor-widget-container\">\n\t\t\t\t\t\t\t\t\t<p><\/p>\n<div class=\"wp-block-cover alignfull is-light\" style=\"min-height: 500px;aspect-ratio:unset;\">\n<p><img fetchpriority=\"high\" decoding=\"async\" class=\"wp-block-cover__image-background aligncenter wp-image-39\" style=\"object-position: 50% 50%;\" src=\"http:\/\/monmomentdouceur.fr\/wp-content\/uploads\/2024\/02\/balance-110850_1920.jpg\" alt=\"\" width=\"460\" height=\"233\" data-object-fit=\"cover\" data-object-position=\"50% 50%\" \/><\/p>\n<div class=\"wp-block-cover__inner-container is-layout-flow wp-block-cover-is-layout-flow\">\n<p><\/p>\n<div class=\"wp-block-spacer\" style=\"height: 80px;\" aria-hidden=\"true\">\u00a0<\/div>\n<p><\/p>\n<p><\/p>\n<h1 class=\"has-text-align-left has-text-color wp-block-heading\" style=\"color: #121212;\">Votre Moment Douceur<\/h1>\n<\/div>\n<\/div>\n<p><\/p>\t\t\t\t\t\t\t\t<\/div>\n\t\t\t\t<\/div>\n\t\t\t\t\t<\/div>\n\t\t\t\t<\/div>\n\t\t<div class=\"elementor-element elementor-element-b71d315 e-flex e-con-boxed e-con e-parent\" data-id=\"b71d315\" data-element_type=\"container\">\n\t\t\t\t\t<div class=\"e-con-inner\">\n\t\t\t\t<div class=\"elementor-element elementor-element-c92e8d6 elementor-widget elementor-widget-text-editor\" data-id=\"c92e8d6\" data-element_type=\"widget\" data-widget_type=\"text-editor.default\">\n\t\t\t\t<div class=\"elementor-widget-container\">\n\t\t\t\t\t\t\t\t\t<p>Dans l\u2019atmosph\u00e8re chaleureuse d&rsquo;un confortable espace de soin, le massage personnalis\u00e9 que vous allez recevoir va faire dispara\u00eetre vos tensions musculaires et chasser fatigue et soucis. Vous cherchez un moment douceur pour vous ou votre entreprise ou \u00e9tablissement public ?<\/p>\t\t\t\t\t\t\t\t<\/div>\n\t\t\t\t<\/div>\n\t\t\t\t\t<\/div>\n\t\t\t\t<\/div>\n\t\t<div class=\"elementor-element elementor-element-9cddc4a e-flex e-con-boxed e-con e-parent\" data-id=\"9cddc4a\" data-element_type=\"container\">\n\t\t\t\t\t<div class=\"e-con-inner\">\n\t\t<div class=\"elementor-element elementor-element-7ae4d16 e-grid e-con-full e-con e-child\" data-id=\"7ae4d16\" data-element_type=\"container\">\n\t\t\t\t<div class=\"elementor-element elementor-element-0f1d036 elementor-widget elementor-widget-image\" data-id=\"0f1d036\" data-element_type=\"widget\" data-widget_type=\"image.default\">\n\t\t\t\t<div class=\"elementor-widget-container\">\n\t\t\t\t\t\t\t\t\t\t\t\t\t\t\t<img decoding=\"async\" src=\"https:\/\/monmomentdouceur.fr\/wp-content\/uploads\/2025\/01\/salon-de-massage-3-scaled.jpg\" title=\"salon de massage\" alt=\"Massage Californien R\u00e9flexologie plantaire Massage cranio facial Drainage lymphatique Massage relaxant et \u00e9nerg\u00e9tique ou Massage d\u00e9tente Soins \u00e9nerg\u00e9tiques barreur de feu confort menstruel r\u00e9tention d&#039;eau douleurs endom\u00e9triose bien-\u00eatre \u00e9motionnel d\u00e9fense de l&#039;organisme contre les infections circulation \u00e9nerg\u00e9tique br\u00fblures\" loading=\"lazy\" \/>\t\t\t\t\t\t\t\t\t\t\t\t\t\t\t<\/div>\n\t\t\t\t<\/div>\n\t\t\t\t<div class=\"elementor-element elementor-element-2726d27 elementor-widget elementor-widget-text-editor\" data-id=\"2726d27\" data-element_type=\"widget\" data-widget_type=\"text-editor.default\">\n\t\t\t\t<div class=\"elementor-widget-container\">\n\t\t\t\t\t\t\t\t\t<p style=\"text-align: center;\" align=\"center\"><strong><span style=\"color: #99cc00; font-size: 30.0px;\"><a href=\"\/wordpress\/?page_id=9#massage_californien\"><span style=\"color: #99cc00; font-size: 30.0px;\"><u>Massage Californien<br \/><\/u><\/span><\/a><\/span><\/strong><\/p>\n<p style=\"text-align: center;\" align=\"center\"><strong><span style=\"color: #99cc00; font-size: 30.0px;\"><a href=\"\/wordpress\/?page_id=9#reflexololgie_plantaire\"><span style=\"color: #99cc00; font-size: 30.0px;\"><u>R\u00e9flexologie plantaire<br \/><\/u><\/span><\/a><\/span><\/strong><\/p>\n<p style=\"text-align: center;\" align=\"center\"><strong><span style=\"color: #99cc00; font-size: 30.0px;\"><a href=\"\/wordpress\/?page_id=9#massage_cranio_facial\"><span style=\"color: #99cc00; font-size: 30.0px;\"><u>Massage cranio facial<br \/><\/u><\/span><\/a><\/span><\/strong><\/p>\n<p style=\"text-align: center;\" align=\"center\"><strong><span style=\"color: #99cc00; font-size: 30.0px;\"> <a href=\"\/wordpress\/?page_id=9#drainage_lymphatique\"><span style=\"color: #99cc00; font-size: 30.0px;\"><u>Drainage lymphatique<br \/><\/u><\/span><\/a><\/span><\/strong><\/p>\n<p style=\"text-align: center;\" align=\"center\"><strong><span style=\"color: #99cc00; font-size: 30.0px;\"> <a href=\"\/wordpress\/?page_id=9#massage_detente\"><span style=\"color: #99cc00; font-size: 30.0px;\"><u>Massage relaxant et \u00e9nerg\u00e9tique ou Massage d\u00e9tente<br \/><\/u><\/span><\/a> <\/span><\/strong><\/p>\n<p style=\"text-align: center;\" align=\"center\"><strong><span style=\"color: #99cc00; font-size: 30.0px;\"> <a href=\"\/wordpress\/?page_id=9#soins_energetiques\"><span style=\"color: #99cc00; font-size: 30.0px;\"><u>Soins \u00e9nerg\u00e9tiques<br \/><\/u><\/span><\/a> <\/span><\/strong><\/p>\t\t\t\t\t\t\t\t<\/div>\n\t\t\t\t<\/div>\n\t\t\t\t<\/div>\n\t\t\t\t\t<\/div>\n\t\t\t\t<\/div>\n\t\t<div class=\"elementor-element elementor-element-85b5083 e-con-full e-flex e-con e-parent\" data-id=\"85b5083\" data-element_type=\"container\">\n\t\t\t\t<div class=\"elementor-element elementor-element-2c05d3f elementor-widget elementor-widget-text-editor\" data-id=\"2c05d3f\" data-element_type=\"widget\" data-widget_type=\"text-editor.default\">\n\t\t\t\t<div class=\"elementor-widget-container\">\n\t\t\t\t\t\t\t\t\t<p>Les soins propos\u00e9s sont compos\u00e9s de man\u0153uvres douces, de p\u00e9trissage des muscles, d\u2019effleurages (mouvements doux et bienveillants), de pressions et lissages fluides. En fonction de votre choix, il peut \u00eatre r\u00e9alis\u00e9 sur l\u2019ensemble du corps (hormis les parties intimes)<\/p>\n<p>Un pur moment de bien-\u00eatre, dont vous ressortirez pleinement d\u00e9tendu(e) : 30 minutes, 40 minutes ou 1h.<\/p>\t\t\t\t\t\t\t\t<\/div>\n\t\t\t\t<\/div>\n\t\t\t\t<\/div>\n\t\t<div class=\"elementor-element elementor-element-8c02e3e e-flex e-con-boxed e-con e-parent\" data-id=\"8c02e3e\" data-element_type=\"container\">\n\t\t\t\t\t<div class=\"e-con-inner\">\n\t\t\t\t<div class=\"elementor-element elementor-element-25f5665 elementor-widget elementor-widget-image\" data-id=\"25f5665\" data-element_type=\"widget\" data-widget_type=\"image.default\">\n\t\t\t\t<div class=\"elementor-widget-container\">\n\t\t\t\t\t\t\t\t\t\t\t\t\t\t\t<img decoding=\"async\" src=\"https:\/\/monmomentdouceur.fr\/wp-content\/uploads\/2025\/03\/les-bienfaits-massage.jpg\" title=\"Mon  moment douceur bienfaits d&rsquo;un massage\" alt=\"Massage Californien R\u00e9flexologie plantaire Massage cranio facial Drainage lymphatique Massage relaxant et \u00e9nerg\u00e9tique ou Massage d\u00e9tente Soins \u00e9nerg\u00e9tiques barreur de feu confort menstruel r\u00e9tention d&#039;eau douleurs endom\u00e9triose bien-\u00eatre \u00e9motionnel d\u00e9fense de l&#039;organisme contre les infections circulation \u00e9nerg\u00e9tique br\u00fblures\" loading=\"lazy\" \/>\t\t\t\t\t\t\t\t\t\t\t\t\t\t\t<\/div>\n\t\t\t\t<\/div>\n\t\t\t\t\t<\/div>\n\t\t\t\t<\/div>\n\t\t<div class=\"elementor-element elementor-element-5120804 e-flex e-con-boxed e-con e-parent\" data-id=\"5120804\" data-element_type=\"container\">\n\t\t\t\t\t<div class=\"e-con-inner\">\n\t\t\t\t<div class=\"elementor-element elementor-element-72b6921 elementor-widget elementor-widget-text-editor\" data-id=\"72b6921\" data-element_type=\"widget\" data-widget_type=\"text-editor.default\">\n\t\t\t\t<div class=\"elementor-widget-container\">\n\t\t\t\t\t\t\t\t\t<p style=\"text-align: center;\"><span style=\"color: #99cc00;\">\u00a0<strong style=\"font-family: var(--headingsfontfamily),var(--nv-fallback-ff); font-size: var(--h2fontsize); letter-spacing: var(--h2letterspacing); text-align: center; text-transform: var(--h2texttransform); background-color: var(--nv-site-bg);\"><span style=\"font-size: 48px;\"><a href=\"\/wordpress\/?page_id=9\"><span style=\"color: #99cc00; font-size: 30.0px;\"><u>Il y a forc\u00e9ment un massage qui vous convient !<\/u><\/span><\/a><\/span><\/strong><\/span><\/p>\t\t\t\t\t\t\t\t<\/div>\n\t\t\t\t<\/div>\n\t\t\t\t\t<\/div>\n\t\t\t\t<\/div>\n\t\t\t\t<\/div>\n\t\t","protected":false},"excerpt":{"rendered":"","protected":false},"author":1,"featured_media":0,"parent":0,"menu_order":0,"comment_status":"closed","ping_status":"closed","template":"","meta":{"_monsterinsights_skip_tracking":false,"_monsterinsights_sitenote_active":false,"_monsterinsights_sitenote_note":"","_monsterinsights_sitenote_category":0,"neve_meta_sidebar":"","neve_meta_container":"","neve_meta_enable_content_width":"on","neve_meta_content_width":100,"neve_meta_title_alignment":"","neve_meta_author_avatar":"","neve_post_elements_order":"","neve_meta_disable_header":"","neve_meta_disable_footer":"","neve_meta_disable_title":"on","footnotes":""},"class_list":["post-6","page","type-page","status-publish","hentry"],"aioseo_notices":[],"_links":{"self":[{"href":"https:\/\/monmomentdouceur.fr\/index.php?rest_route=\/wp\/v2\/pages\/6","targetHints":{"allow":["GET"]}}],"collection":[{"href":"https:\/\/monmomentdouceur.fr\/index.php?rest_route=\/wp\/v2\/pages"}],"about":[{"href":"https:\/\/monmomentdouceur.fr\/index.php?rest_route=\/wp\/v2\/types\/page"}],"author":[{"embeddable":true,"href":"https:\/\/monmomentdouceur.fr\/index.php?rest_route=\/wp\/v2\/users\/1"}],"replies":[{"embeddable":true,"href":"https:\/\/monmomentdouceur.fr\/index.php?rest_route=%2Fwp%2Fv2%2Fcomments&post=6"}],"version-history":[{"count":86,"href":"https:\/\/monmomentdouceur.fr\/index.php?rest_route=\/wp\/v2\/pages\/6\/revisions"}],"predecessor-version":[{"id":553,"href":"https:\/\/monmomentdouceur.fr\/index.php?rest_route=\/wp\/v2\/pages\/6\/revisions\/553"}],"wp:attachment":[{"href":"https:\/\/monmomentdouceur.fr\/index.php?rest_route=%2Fwp%2Fv2%2Fmedia&parent=6"}],"curies":[{"name":"wp","href":"https:\/\/api.w.org\/{rel}","templated":true}]}}